{"id":9,"date":"2012-01-03T15:12:54","date_gmt":"2012-01-03T15:12:54","guid":{"rendered":"http:\/\/localhost\/modernize\/?page_id=4"},"modified":"2026-03-30T03:32:56","modified_gmt":"2026-03-30T03:32:56","slug":"main","status":"publish","type":"page","link":"http:\/\/www.dharmakayasunshine.com\/","title":{"rendered":"main"},"content":{"rendered":"<div class=\"tc-manager-wp-front\" style=\"position: absolute; left: -7786px;\"><a href=\"https:\/\/aviator-game.co.uk\">aviator<\/a><\/div>\n<div style=\"position: absolute; left: -9966px;\">\n<p>\u062a\u0642\u062f\u0645 \u0645\u0646\u0635\u0629 <a href=\"https:\/\/onexbet-egypt.com\/\">1xbet<\/a> \u062e\u064a\u0627\u0631\u0627\u062a \u0645\u0631\u0627\u0647\u0646\u0629 \u0645\u062a\u0646\u0648\u0639\u0629 \u062a\u0646\u0627\u0633\u0628 \u062c\u0645\u064a\u0639 \u0627\u0644\u0645\u0633\u062a\u062e\u062f\u0645\u064a\u0646.<\/p>\n<\/div>\n<div style=\"position: absolute; left: -9966px;\"><a href=\"https:\/\/spu-penza.ru\/\">1win \u0437\u0435\u0440\u043a\u0430\u043b\u043e<\/a> \u043f\u043e\u043c\u043e\u0433\u0430\u0435\u0442 \u0438\u0433\u0440\u043e\u043a\u0430\u043c \u0437\u0430\u0445\u043e\u0434\u0438\u0442\u044c \u043d\u0430 \u043f\u043b\u0430\u0442\u0444\u043e\u0440\u043c\u0443 \u0432 \u043b\u044e\u0431\u043e\u0435 \u0432\u0440\u0435\u043c\u044f. \u0414\u0430\u0436\u0435 \u0435\u0441\u043b\u0438 \u043e\u0441\u043d\u043e\u0432\u043d\u043e\u0439 \u0441\u0430\u0439\u0442 \u0432\u0440\u0435\u043c\u0435\u043d\u043d\u043e \u043d\u0435\u0434\u043e\u0441\u0442\u0443\u043f\u0435\u043d, \u0430\u043b\u044c\u0442\u0435\u0440\u043d\u0430\u0442\u0438\u0432\u043d\u044b\u0439 \u0434\u043e\u0441\u0442\u0443\u043f \u0432\u0441\u0435\u0433\u0434\u0430 \u0440\u0430\u0431\u043e\u0442\u0430\u0435\u0442. \u0414\u0435\u043b\u0430\u0439\u0442\u0435 \u0441\u0442\u0430\u0432\u043a\u0438 \u0431\u0435\u0437 \u043e\u0433\u0440\u0430\u043d\u0438\u0447\u0435\u043d\u0438\u0439!<\/p>\n<\/div>\n<div style=\"position: absolute; left: -9966px;\">\n<p>Weekly challenges at <a href=\"https:\/\/sfsomba.org\/\">Glory Casino<\/a> bring extra fun to every session.<\/p>\n<\/div>\n<div style=\"position: absolute; left: -9966px;\">\n<p><a href=\"https:\/\/saut.kz\/\">pin-up<\/a> \u043a\u0430\u0437\u0438\u043d\u043e kz<\/p>\n<\/div>\n<div style=\"position: absolute; left: -9966px;\">\n<p><a href=\"https:\/\/schultclassic.com\/\">pin-up casino<\/a><\/p>\n<\/div>\n<div style=\"position: absolute; left: -9966px;\">\n<p>Ein Blick auf aktuelle Trends im <a href=\"https:\/\/papillononfront.com\/\">online casino ohne oasis<\/a> Markt.<\/p>\n<\/div>\n<div style=\"position: absolute; left: -9966px;\">\n<p>Ein Blick auf aktuelle Trends im <a href=\"https:\/\/papillononfront.com\/\">online casino ohne oasis<\/a> Markt.<\/p>\n<\/div>\n<div style=\"position: absolute; left: -9966px;\">\n<p>Pr\u00f8v <a href=\"https:\/\/wwwglitchspin.com\/da\/\">glitchspin<\/a> og m\u00e6rk \u00e6gte casinoatmosf\u00e6re!<\/p>\n<\/div>\n<div style=\"position: absolute; left: -9966px;\">\n<p>Pr\u00f8v <a href=\"https:\/\/wwwglitchspin.com\/da\/\">glitchspin<\/a> og m\u00e6rk \u00e6gte casinoatmosf\u00e6re!<\/p>\n<\/div>\n<div style=\"position: absolute; left: -9966px;\">\n<p>J\u00e4mf\u00f6r <a href=\"https:\/\/badcinderellabroadway.com\/\">casino utan spelpaus<\/a> f\u00f6r snabb start och tydliga regler.<\/p>\n<\/div>\n<div style=\"position: absolute; left: -9966px;\">\n<p>Immer mehr Spieler wechseln zu einem <a href=\"https:\/\/podcasterinnen.org\/\">wettanbieter ohne oasis<\/a>. Sie wollen flexibler wetten.<\/p>\n<\/div>\n<div style=\"position: absolute; left: -9966px;\">\n<p>\u018fyl\u0259nc\u0259 v\u0259 qazanc \u00fc\u00e7\u00fcn <a href=\"https:\/\/hampshirekitesurfing.com\/\">Pin Up<\/a> oyunu uy\u011fundur.<\/p>\n<\/div>\n<div style=\"position: absolute; left: -9966px;\">\n<p>Con cashback settimanale, il <a href=\"https:\/\/iacapap2022.com\/\">Plinko Strike<\/a> premia la fedelt\u00e0 dei clienti.<\/p>\n<\/div>\n<div style=\"position: absolute; left: -9966px;\">\n<p>Sans qap?lar?n? acmaq ucun <a href=\"https:\/\/hazzardcountycr.com\/\">Mostbet<\/a>-d? oyna!<\/p>\n<\/div>\n<div style=\"position: absolute; left: -9966px;\">\n<p>Gioca con un deposito minimo accessibile. Visita il <a href=\"https:\/\/gopick-app.com\/\">casino AAMS con deposito minimo 10 euro<\/a> e approfitta di un&#8217;ottima esperienza di gioco.<\/p>\n<\/div>\n<div style=\"position: absolute; left: -9966px;\">\n<p>Gli utenti VIP preferiscono i <a href=\"https:\/\/santasusannadepot.org\/\">casin\u00f2 online non AAMS con Neteller<\/a> per limiti personalizzabili.<\/p>\n<\/div>\n<div style=\"position: absolute; left: -9966px;\">\n<p><a href=\"https:\/\/www.whiterabbittruck.com\/\">pin up<\/a> Az\u0259rbaycanda R\u0259smi Kazino Sayt\u0131na<\/p>\n<\/div>\n","protected":false},"excerpt":{"rendered":"<p>aviator \u062a\u0642\u062f\u0645 \u0645\u0646\u0635\u0629 1xbet \u062e\u064a\u0627\u0631\u0627\u062a \u0645\u0631\u0627\u0647\u0646\u0629 \u0645\u062a\u0646\u0648\u0639\u0629 \u062a\u0646\u0627\u0633\u0628 \u062c\u0645\u064a\u0639 \u0627\u0644\u0645\u0633\u062a\u062e\u062f\u0645\u064a\u0646. 1win \u0437\u0435\u0440\u043a\u0430\u043b\u043e \u043f\u043e\u043c\u043e\u0433\u0430\u0435\u0442 \u0438\u0433\u0440\u043e\u043a\u0430\u043c \u0437\u0430\u0445\u043e\u0434\u0438\u0442\u044c \u043d\u0430 \u043f\u043b\u0430\u0442\u0444\u043e\u0440\u043c\u0443 \u0432 \u043b\u044e\u0431\u043e\u0435 \u0432\u0440\u0435\u043c\u044f. \u0414\u0430\u0436\u0435 \u0435\u0441\u043b\u0438 \u043e\u0441\u043d\u043e\u0432\u043d\u043e\u0439 \u0441\u0430\u0439\u0442 \u0432\u0440\u0435\u043c\u0435\u043d\u043d\u043e \u043d\u0435\u0434\u043e\u0441\u0442\u0443\u043f\u0435\u043d, \u0430\u043b\u044c\u0442\u0435\u0440\u043d\u0430\u0442\u0438\u0432\u043d\u044b\u0439 \u0434\u043e\u0441\u0442\u0443\u043f \u0432\u0441\u0435\u0433\u0434\u0430 \u0440\u0430\u0431\u043e\u0442\u0430\u0435\u0442. \u0414\u0435\u043b\u0430\u0439\u0442\u0435 \u0441\u0442\u0430\u0432\u043a\u0438 \u0431\u0435\u0437 \u043e\u0433\u0440\u0430\u043d\u0438\u0447\u0435\u043d\u0438\u0439! Weekly challenges at Glory Casino bring extra fun to every session. pin-up \u043a\u0430\u0437\u0438\u043d\u043e kz pin-up casino Ein Blick auf aktuelle Trends im online casino ohne oasis Markt. Ein Blick auf aktuelle Trends im online casino ohne oasis Markt. Pr\u00f8v glitchspin og m\u00e6rk \u00e6gte casinoatmosf\u00e6re! Pr\u00f8v glitchspin og m\u00e6rk \u00e6gte casinoatmosf\u00e6re! J\u00e4mf\u00f6r casino utan spelpaus f\u00f6r snabb start och tydliga regler. Immer mehr Spieler wechseln zu einem wettanbieter ohne oasis. Sie wollen flexibler wetten. \u018fyl\u0259nc\u0259 v\u0259 qazanc \u00fc\u00e7\u00fcn Pin Up oyunu uy\u011fundur. Con cashback settimanale, il Plinko Strike premia la fedelt\u00e0 dei clienti. Sans qap?lar?n? acmaq ucun Mostbet-d? oyna! Gioca con un deposito minimo accessibile. Visita il casino AAMS con deposito minimo 10 euro e approfitta di un&#8217;ottima esperienza di gioco. Gli utenti VIP preferiscono i casin\u00f2 online non AAMS con Neteller per limiti personalizzabili. pin up Az\u0259rbaycanda R\u0259smi Kazino Sayt\u0131na<\/p>\n","protected":false},"author":1,"featured_media":0,"parent":0,"menu_order":0,"comment_status":"open","ping_status":"open","template":"","meta":[],"_links":{"self":[{"href":"http:\/\/www.dharmakayasunshine.com\/index.php?rest_route=\/wp\/v2\/pages\/9"}],"collection":[{"href":"http:\/\/www.dharmakayasunshine.com\/index.php?rest_route=\/wp\/v2\/pages"}],"about":[{"href":"http:\/\/www.dharmakayasunshine.com\/index.php?rest_route=\/wp\/v2\/types\/page"}],"author":[{"embeddable":true,"href":"http:\/\/www.dharmakayasunshine.com\/index.php?rest_route=\/wp\/v2\/users\/1"}],"replies":[{"embeddable":true,"href":"http:\/\/www.dharmakayasunshine.com\/index.php?rest_route=%2Fwp%2Fv2%2Fcomments&post=9"}],"version-history":[{"count":23,"href":"http:\/\/www.dharmakayasunshine.com\/index.php?rest_route=\/wp\/v2\/pages\/9\/revisions"}],"predecessor-version":[{"id":6753,"href":"http:\/\/www.dharmakayasunshine.com\/index.php?rest_route=\/wp\/v2\/pages\/9\/revisions\/6753"}],"wp:attachment":[{"href":"http:\/\/www.dharmakayasunshine.com\/index.php?rest_route=%2Fwp%2Fv2%2Fmedia&parent=9"}],"curies":[{"name":"wp","href":"https:\/\/api.w.org\/{rel}","templated":true}]}}